{"id":929,"date":"2022-07-30T21:02:48","date_gmt":"2022-07-30T19:02:48","guid":{"rendered":"http:\/\/tonenseignant.com\/?page_id=929"},"modified":"2024-08-20T19:55:44","modified_gmt":"2024-08-20T17:55:44","slug":"mathematiques-physique-chimie","status":"publish","type":"page","link":"https:\/\/tonenseignant.com\/index.php\/mathematiques-physique-chimie\/","title":{"rendered":"Math\u00e9matiques\/physique-chimie"},"content":{"rendered":"<div class=\"wp-block-image\">\n<figure class=\"alignleft size-full is-resized\"><img loading=\"lazy\" decoding=\"async\" width=\"413\" height=\"531\" src=\"http:\/\/tonenseignant.com\/wp-content\/uploads\/2021\/08\/IMG_0889-1.jpg\" alt=\"\" class=\"wp-image-799\" style=\"width:319px;height:410px\" srcset=\"https:\/\/tonenseignant.com\/wp-content\/uploads\/2021\/08\/IMG_0889-1.jpg 413w, https:\/\/tonenseignant.com\/wp-content\/uploads\/2021\/08\/IMG_0889-1-233x300.jpg 233w\" sizes=\"auto, (max-width: 413px) 100vw, 413px\" \/><\/figure>\n<\/div>\n\n\n<p><strong>Je suis \u00e0 l\u2019origine de ce site. J\u2019enseigne en cours individuel depuis 1997 (j\u2019\u00e9tais \u00e9tudiant \u00e0 l\u2019\u00e9poque). Titulaire d\u2019un Bac +4 en science (ma\u00eetrise \u00e0 l\u2019universit\u00e9 d\u2019Orsay) et d\u2019un bac + 5 en informatique, je suis professeur ind\u00e9pendant \u00e0 temps plein depuis 2005.<\/strong><\/p>\n\n\n\n<p><strong>Je donne des cours en science (principalement math\u00e9matique et physique\/chimie) de niveaux coll\u00e8ge, lyc\u00e9e, bts et but (iut)<\/strong>.<\/p>\n\n\n\n<p><strong>Je pr\u00e9pare tous les ans des \u00e9l\u00e8ves pour les concours post bac : \u00e9cole d\u2019ing\u00e9nieur (Avenir, Geipi-polytech, Puissance Alpha, \u2026) et \u00e9cole de commerce (acc\u00e8s, s\u00e9same, \u2026).<\/strong><\/p>\n\n\n\n<p><\/p>\n\n\n\n<p><strong>Je travaille aussi avec les adultes pour des remises \u00e0 niveau et des pr\u00e9parations aux concours.<\/strong><\/p>\n\n\n\n<p>L\u2019enseignement personnalis\u00e9 que je pratique depuis 15 ans maintenant m\u2019apporte une satisfaction immense, tant d\u2019un point de vue professionnel que personnel. Quoi de plus agr\u00e9able pour un professeur que de voir un \u00e9l\u00e8ve retrouver le sourire, reprendre confiance en lui et am\u00e9liorer ses r\u00e9sultats.<\/p>\n\n\n\n<p>Je suis en AE (autoentrepreneur) et agr\u00e9\u00e9 service \u00e0 la personne. Tous mes services \u00e0 votre domicile vous donnent droit \u00e0 un cr\u00e9dit d\u2019imp\u00f4t de 50 %.<\/p>\n\n\n\n<p>je vous fais b\u00e9n\u00e9ficier du cr\u00e9dit d\u2019imp\u00f4t instantan\u00e9* via mon entreprise.<br>*Au titre de l\u2019emploi d\u2019un salari\u00e9 \u00e0 domicile, vous pouvez b\u00e9n\u00e9ficier de 50% de cr\u00e9dit d\u2019imp\u00f4t sur le co\u00fbt des cours \u00e0 domicile.<br>Ce cr\u00e9dit d\u2019imp\u00f4t sera imm\u00e9diat \u00e0 partir du 15 juin.<br>Exemple : pour une prestation factur\u00e9e 100 \u20ac, vous ne r\u00e9glez que 50 \u20ac. Les 50 \u20ac restants seront pris en charge directement par l\u2019\u00c9tat. <\/p>\n\n\n\n<p>Mes tarifs :<br>6e\/5e\/4e\/3e : 25 euros apr\u00e8s cr\u00e9dit d\u2019imp\u00f4t instantan\u00e9<br>Seconde : 28 euros apr\u00e8s cr\u00e9dit d\u2019imp\u00f4t instantan\u00e9<br>Premi\u00e8re : 29 euros apr\u00e8s cr\u00e9dit d\u2019imp\u00f4t instantan\u00e9<br>Terminale : 30 euros apr\u00e8s cr\u00e9dit d\u2019imp\u00f4t instantan\u00e9<br>Sup\u00e9rieurs tarifs en fonction de la classe<\/p>\n\n\n\n<p><\/p>\n\n\n\n<p><\/p>\n\n\n\n<p><\/p>\n\n\n\n<p><\/p>\n\n\n\n<p><\/p>\n\n\n\n<p><\/p>\n","protected":false},"excerpt":{"rendered":"<p>Je suis \u00e0 l\u2019origine de ce site. J\u2019enseigne en cours individuel depuis 1997 (j\u2019\u00e9tais \u00e9tudiant \u00e0 l\u2019\u00e9poque). Titulaire d\u2019un Bac +4 en science (ma\u00eetrise \u00e0 l\u2019universit\u00e9 d\u2019Orsay)&#8230; <\/p>\n","protected":false},"author":1,"featured_media":0,"parent":0,"menu_order":0,"comment_status":"closed","ping_status":"closed","template":"","meta":{"footnotes":""},"folder":[],"class_list":["post-929","page","type-page","status-publish","hentry"],"_links":{"self":[{"href":"https:\/\/tonenseignant.com\/index.php\/wp-json\/wp\/v2\/pages\/929","targetHints":{"allow":["GET"]}}],"collection":[{"href":"https:\/\/tonenseignant.com\/index.php\/wp-json\/wp\/v2\/pages"}],"about":[{"href":"https:\/\/tonenseignant.com\/index.php\/wp-json\/wp\/v2\/types\/page"}],"author":[{"embeddable":true,"href":"https:\/\/tonenseignant.com\/index.php\/wp-json\/wp\/v2\/users\/1"}],"replies":[{"embeddable":true,"href":"https:\/\/tonenseignant.com\/index.php\/wp-json\/wp\/v2\/comments?post=929"}],"version-history":[{"count":7,"href":"https:\/\/tonenseignant.com\/index.php\/wp-json\/wp\/v2\/pages\/929\/revisions"}],"predecessor-version":[{"id":1259,"href":"https:\/\/tonenseignant.com\/index.php\/wp-json\/wp\/v2\/pages\/929\/revisions\/1259"}],"wp:attachment":[{"href":"https:\/\/tonenseignant.com\/index.php\/wp-json\/wp\/v2\/media?parent=929"}],"wp:term":[{"taxonomy":"folder","embeddable":true,"href":"https:\/\/tonenseignant.com\/index.php\/wp-json\/wp\/v2\/folder?post=929"}],"curies":[{"name":"wp","href":"https:\/\/api.w.org\/{rel}","templated":true}]}}