{"id":818,"date":"2021-08-20T11:49:32","date_gmt":"2021-08-20T09:49:32","guid":{"rendered":"https:\/\/tonenseignant.com\/?page_id=818"},"modified":"2024-02-15T12:34:19","modified_gmt":"2024-02-15T11:34:19","slug":"anglais","status":"publish","type":"page","link":"https:\/\/tonenseignant.com\/index.php\/anglais\/","title":{"rendered":"Anglais"},"content":{"rendered":"\n<p><\/p>\n\n\n\n<p><\/p>\n\n\n\n<p><\/p>\n\n\n\n<div class=\"wp-block-media-text alignwide is-stacked-on-mobile\"><figure class=\"wp-block-media-text__media\"><img loading=\"lazy\" decoding=\"async\" width=\"481\" height=\"574\" src=\"https:\/\/tonenseignant.com\/wp-content\/uploads\/2021\/09\/IMG_8840-2.jpeg\" alt=\"\" class=\"wp-image-847 size-full\" srcset=\"https:\/\/tonenseignant.com\/wp-content\/uploads\/2021\/09\/IMG_8840-2.jpeg 481w, https:\/\/tonenseignant.com\/wp-content\/uploads\/2021\/09\/IMG_8840-2-251x300.jpeg 251w\" sizes=\"auto, (max-width: 481px) 100vw, 481px\" \/><\/figure><div class=\"wp-block-media-text__content\">\n<p>L&#8217;anglais, \u00e7a peut \u00eatre dur, mais \u00e7a devient tout de suite plus simple lorsqu&#8217;on<br>est accompagn\u00e9!<br><\/p>\n\n\n\n<p>\u2022 Votre objectif est de <strong>ne plus \u00eatre largu\u00e9 <\/strong>en cours?<br>\u2022 Ou vous visez un <strong>concours <\/strong>ou une <strong>certification<\/strong>? (TOEFL, TOEIC,<br>Cambridge, Avenir, Acc\u00e8s, S\u00e9same&#8230;)<br>\u2022 Ou bien vous cherchez \u00e0 \u00eatre un <strong>pro de la conversation<\/strong> (parce qu&#8217;apr\u00e8s<br>tout, c&#8217;est quand m\u00eame cool de dire &#8220;Yes, I can speak English\u201d dans un<br>entretien d\u2019embauche ou \u00e0 l\u2019\u00e9tranger)?<br><\/p>\n<\/div><\/div>\n\n\n\n<p>Guys, I can help you (:<br><\/p>\n\n\n\n<p>My name is Laurie, et j&#8217;ai 7 ans d&#8217;exp\u00e9rience dans l&#8217;accompagnement<br>personnel en anglais, que ce soit en cours particulier ou en collectif.<br><\/p>\n\n\n\n<p>Je travaille \u00e9galement avec les adultes, car, m\u00eame si les derni\u00e8res le\u00e7ons<br>d\u2019anglais remontent \u00e0 une \u00e9poque lointaine, il n\u2019est jamais trop tard pour s\u2019y<br>remettre.<br><\/p>\n\n\n\n<p><strong>Comment je m\u2019y prends:<\/strong><br>De mani\u00e8re g\u00e9n\u00e9rale, j\u2019aime axer mes s\u00e9ances sur de l\u2019anglais pratique et<br>conversationnel (souvent manquant \u00e0 l\u2019\u00e9cole), mais je peux bien s\u00fbr aborder<br>la grammaire complexe exig\u00e9e dans certaines certifications, ou encore vous<br>aider \u00e0 optimiser vos capacit\u00e9s \u00e0 l\u2019\u00e9crit.<br>Somme toute, je m\u2019adapterai \u00e0 vos besoins et objectifs.<br><\/p>\n\n\n\n<p><strong>\u00c0 bas les cours ronflants!<\/strong><br>Je pr\u00e9f\u00e8re parler d\u2019actu\u2019 et de hobbies et j\u2019adore les jeux qui encouragent \u00e0<br>utiliser \u00e0 l\u2019oral le vocabulaire fra\u00eechement appris (bon, bien \u00e9videmment vous<br>jouerez contre moi, mais don\u2019t worry (; je suis tr\u00e8s fair play).<br><\/p>\n\n\n\n<p><strong>Ma recommandation:<\/strong><br>Pour des s\u00e9ances et progr\u00e8s optimaux, je recommande souvent 1h30 par<br>semaine au minimum \u00e0 mes \u00e9l\u00e8ves.<br><\/p>\n\n\n\n<p>N&#8217;h\u00e9sitez pas \u00e0 me contacter pour davantage d&#8217;infos. Je serai ravie de vous<br>r\u00e9pondre dans les plus brefs d\u00e9lais!<\/p>\n","protected":false},"excerpt":{"rendered":"<p>L&#8217;anglais, \u00e7a peut \u00eatre dur, mais \u00e7a devient tout de suite plus simple lorsqu&#8217;onest accompagn\u00e9! \u2022 Votre objectif est de ne plus \u00eatre largu\u00e9 en cours?\u2022 Ou&#8230; <\/p>\n","protected":false},"author":1,"featured_media":0,"parent":0,"menu_order":0,"comment_status":"closed","ping_status":"closed","template":"","meta":{"footnotes":""},"folder":[],"class_list":["post-818","page","type-page","status-publish","hentry"],"_links":{"self":[{"href":"https:\/\/tonenseignant.com\/index.php\/wp-json\/wp\/v2\/pages\/818","targetHints":{"allow":["GET"]}}],"collection":[{"href":"https:\/\/tonenseignant.com\/index.php\/wp-json\/wp\/v2\/pages"}],"about":[{"href":"https:\/\/tonenseignant.com\/index.php\/wp-json\/wp\/v2\/types\/page"}],"author":[{"embeddable":true,"href":"https:\/\/tonenseignant.com\/index.php\/wp-json\/wp\/v2\/users\/1"}],"replies":[{"embeddable":true,"href":"https:\/\/tonenseignant.com\/index.php\/wp-json\/wp\/v2\/comments?post=818"}],"version-history":[{"count":13,"href":"https:\/\/tonenseignant.com\/index.php\/wp-json\/wp\/v2\/pages\/818\/revisions"}],"predecessor-version":[{"id":1047,"href":"https:\/\/tonenseignant.com\/index.php\/wp-json\/wp\/v2\/pages\/818\/revisions\/1047"}],"wp:attachment":[{"href":"https:\/\/tonenseignant.com\/index.php\/wp-json\/wp\/v2\/media?parent=818"}],"wp:term":[{"taxonomy":"folder","embeddable":true,"href":"https:\/\/tonenseignant.com\/index.php\/wp-json\/wp\/v2\/folder?post=818"}],"curies":[{"name":"wp","href":"https:\/\/api.w.org\/{rel}","templated":true}]}}