{"id":793,"date":"2021-08-16T13:53:42","date_gmt":"2021-08-16T11:53:42","guid":{"rendered":"https:\/\/tonenseignant.com\/?page_id=793"},"modified":"2024-08-20T19:59:06","modified_gmt":"2024-08-20T17:59:06","slug":"presentation","status":"publish","type":"page","link":"https:\/\/tonenseignant.com\/","title":{"rendered":"Accueil"},"content":{"rendered":"\n<p> Le site de mise en relation des enseignants avec les \u00e9l\u00e8ves. <\/p>\n\n\n\n<p>Vous cherchez un enseignant comp\u00e9tent, qualifi\u00e9 et motiv\u00e9 par la r\u00e9ussite de votre enfant. Vous \u00eates au bon endroit. Nous avons chacun plusieurs ann\u00e9es d\u2019exp\u00e9rience dans le soutien scolaire. Toutes nos prestations effectu\u00e9es \u00e0 votre domicile vous donnent droit \u00e0 50 % de cr\u00e9dit d\u2019imp\u00f4t.<\/p>\n\n\n\n<p><\/p>\n\n\n\n<p>Laurie (anglais) sur Morsang-sur-Orge<br>Pascal (maths) sur Savigny-sur-Orge \u2013 06 18 07 25 43 <a href=\"http:\/\/www.pascalmathessonne.com\">www.pascalmathessonne.com<\/a><br>Nadir (maths, physiques\/chimie) sur Savigny-sur-Orge \u2013 06 82 33 40 77 <a href=\"https:\/\/tonenseignant.com\/index.php\/mathematiques-physique-chimie\/\">https:\/\/tonenseignant.com\/index.php\/mathematiques-physique-chimie\/<\/a><br>Sonia (math,physique) sur paris<br>Fabrice (maths, physiques\/chimie) sur Lyon <a href=\"http:\/\/www.coursmathlyon.fr\">www.coursmathlyon.fr<\/a><\/p>\n\n\n\n<p><\/p>\n","protected":false},"excerpt":{"rendered":"<p>Le site de mise en relation des enseignants avec les \u00e9l\u00e8ves. Vous cherchez un enseignant comp\u00e9tent, qualifi\u00e9 et motiv\u00e9 par la r\u00e9ussite de votre enfant. Vous \u00eates&#8230; <\/p>\n","protected":false},"author":1,"featured_media":0,"parent":0,"menu_order":0,"comment_status":"closed","ping_status":"closed","template":"","meta":{"footnotes":""},"folder":[],"class_list":["post-793","page","type-page","status-publish","hentry"],"_links":{"self":[{"href":"https:\/\/tonenseignant.com\/index.php\/wp-json\/wp\/v2\/pages\/793","targetHints":{"allow":["GET"]}}],"collection":[{"href":"https:\/\/tonenseignant.com\/index.php\/wp-json\/wp\/v2\/pages"}],"about":[{"href":"https:\/\/tonenseignant.com\/index.php\/wp-json\/wp\/v2\/types\/page"}],"author":[{"embeddable":true,"href":"https:\/\/tonenseignant.com\/index.php\/wp-json\/wp\/v2\/users\/1"}],"replies":[{"embeddable":true,"href":"https:\/\/tonenseignant.com\/index.php\/wp-json\/wp\/v2\/comments?post=793"}],"version-history":[{"count":20,"href":"https:\/\/tonenseignant.com\/index.php\/wp-json\/wp\/v2\/pages\/793\/revisions"}],"predecessor-version":[{"id":1260,"href":"https:\/\/tonenseignant.com\/index.php\/wp-json\/wp\/v2\/pages\/793\/revisions\/1260"}],"wp:attachment":[{"href":"https:\/\/tonenseignant.com\/index.php\/wp-json\/wp\/v2\/media?parent=793"}],"wp:term":[{"taxonomy":"folder","embeddable":true,"href":"https:\/\/tonenseignant.com\/index.php\/wp-json\/wp\/v2\/folder?post=793"}],"curies":[{"name":"wp","href":"https:\/\/api.w.org\/{rel}","templated":true}]}}