{"id":1202,"date":"2024-02-17T19:22:56","date_gmt":"2024-02-17T18:22:56","guid":{"rendered":"https:\/\/tonenseignant.com\/?page_id=1202"},"modified":"2024-02-17T19:43:37","modified_gmt":"2024-02-17T18:43:37","slug":"developper-double-distributivite-et-identite-remarquable","status":"publish","type":"page","link":"https:\/\/tonenseignant.com\/index.php\/developper-double-distributivite-et-identite-remarquable\/","title":{"rendered":"D\u00e9velopper, double distributivit\u00e9 et identit\u00e9 remarquable"},"content":{"rendered":"\n<p><\/p>\n\n\n\n<figure class=\"wp-block-embed is-type-video is-provider-youtube wp-block-embed-youtube wp-embed-aspect-16-9 wp-has-aspect-ratio\"><div class=\"wp-block-embed__wrapper\">\n<iframe loading=\"lazy\" title=\"1 1 D\u00e9velopper\" width=\"790\" height=\"444\" src=\"https:\/\/www.youtube.com\/embed\/AR4nLlc-s3k?feature=oembed\" frameborder=\"0\" allow=\"accelerometer; autoplay; clipboard-write; encrypted-media; gyroscope; picture-in-picture; web-share\" allowfullscreen><\/iframe>\n<\/div><\/figure>\n\n\n\n<p><\/p>\n\n\n\n<figure class=\"wp-block-embed is-type-video is-provider-youtube wp-block-embed-youtube wp-embed-aspect-16-9 wp-has-aspect-ratio\"><div class=\"wp-block-embed__wrapper\">\n<iframe loading=\"lazy\" title=\"1 2 D\u00e9velopper double distributivit\u00e9\" width=\"790\" height=\"444\" src=\"https:\/\/www.youtube.com\/embed\/NLeTjjEptvg?feature=oembed\" frameborder=\"0\" allow=\"accelerometer; autoplay; clipboard-write; encrypted-media; gyroscope; picture-in-picture; web-share\" allowfullscreen><\/iframe>\n<\/div><\/figure>\n\n\n\n<p><\/p>\n\n\n\n<figure class=\"wp-block-embed is-type-video is-provider-youtube wp-block-embed-youtube wp-embed-aspect-16-9 wp-has-aspect-ratio\"><div class=\"wp-block-embed__wrapper\">\n<iframe loading=\"lazy\" title=\"1 3 D\u00e9velopper avec les  Identit\u00e9s remarquables 2\" width=\"790\" height=\"444\" src=\"https:\/\/www.youtube.com\/embed\/mnbQGRQAYbI?feature=oembed\" frameborder=\"0\" allow=\"accelerometer; autoplay; clipboard-write; encrypted-media; gyroscope; picture-in-picture; web-share\" allowfullscreen><\/iframe>\n<\/div><\/figure>\n\n\n\n<figure class=\"wp-block-embed is-type-video is-provider-youtube wp-block-embed-youtube wp-embed-aspect-16-9 wp-has-aspect-ratio\"><div class=\"wp-block-embed__wrapper\">\n<iframe loading=\"lazy\" title=\"1 4 D\u00e9velopper avec les  Identit\u00e9s remarquables\" width=\"790\" height=\"444\" src=\"https:\/\/www.youtube.com\/embed\/wfO6vOqrcE0?feature=oembed\" frameborder=\"0\" allow=\"accelerometer; autoplay; clipboard-write; encrypted-media; gyroscope; picture-in-picture; web-share\" allowfullscreen><\/iframe>\n<\/div><\/figure>\n\n\n\n<figure class=\"wp-block-embed is-type-video is-provider-youtube wp-block-embed-youtube wp-embed-aspect-16-9 wp-has-aspect-ratio\"><div class=\"wp-block-embed__wrapper\">\n<iframe loading=\"lazy\" title=\"1 5 D\u00e9velopper avec les  Identit\u00e9s remarquables\" width=\"790\" height=\"444\" src=\"https:\/\/www.youtube.com\/embed\/CkboGIg4wtA?feature=oembed\" frameborder=\"0\" allow=\"accelerometer; autoplay; clipboard-write; encrypted-media; gyroscope; picture-in-picture; web-share\" allowfullscreen><\/iframe>\n<\/div><\/figure>\n\n\n\n<figure class=\"wp-block-embed is-type-video is-provider-youtube wp-block-embed-youtube wp-embed-aspect-16-9 wp-has-aspect-ratio\"><div class=\"wp-block-embed__wrapper\">\n<iframe loading=\"lazy\" title=\"1 6 D\u00e9velopper double distributivit\u00e9 et  Identit\u00e9s remarquables\" width=\"790\" height=\"444\" src=\"https:\/\/www.youtube.com\/embed\/MVN21g2-EF0?feature=oembed\" frameborder=\"0\" allow=\"accelerometer; autoplay; clipboard-write; encrypted-media; gyroscope; picture-in-picture; web-share\" allowfullscreen><\/iframe>\n<\/div><\/figure>\n\n\n\n<p><\/p>\n","protected":false},"excerpt":{"rendered":"","protected":false},"author":1,"featured_media":0,"parent":0,"menu_order":0,"comment_status":"closed","ping_status":"closed","template":"","meta":{"footnotes":""},"folder":[],"class_list":["post-1202","page","type-page","status-publish","hentry"],"_links":{"self":[{"href":"https:\/\/tonenseignant.com\/index.php\/wp-json\/wp\/v2\/pages\/1202","targetHints":{"allow":["GET"]}}],"collection":[{"href":"https:\/\/tonenseignant.com\/index.php\/wp-json\/wp\/v2\/pages"}],"about":[{"href":"https:\/\/tonenseignant.com\/index.php\/wp-json\/wp\/v2\/types\/page"}],"author":[{"embeddable":true,"href":"https:\/\/tonenseignant.com\/index.php\/wp-json\/wp\/v2\/users\/1"}],"replies":[{"embeddable":true,"href":"https:\/\/tonenseignant.com\/index.php\/wp-json\/wp\/v2\/comments?post=1202"}],"version-history":[{"count":3,"href":"https:\/\/tonenseignant.com\/index.php\/wp-json\/wp\/v2\/pages\/1202\/revisions"}],"predecessor-version":[{"id":1234,"href":"https:\/\/tonenseignant.com\/index.php\/wp-json\/wp\/v2\/pages\/1202\/revisions\/1234"}],"wp:attachment":[{"href":"https:\/\/tonenseignant.com\/index.php\/wp-json\/wp\/v2\/media?parent=1202"}],"wp:term":[{"taxonomy":"folder","embeddable":true,"href":"https:\/\/tonenseignant.com\/index.php\/wp-json\/wp\/v2\/folder?post=1202"}],"curies":[{"name":"wp","href":"https:\/\/api.w.org\/{rel}","templated":true}]}}