{"id":1194,"date":"2024-02-17T19:17:35","date_gmt":"2024-02-17T18:17:35","guid":{"rendered":"https:\/\/tonenseignant.com\/?page_id=1194"},"modified":"2024-02-17T19:50:41","modified_gmt":"2024-02-17T18:50:41","slug":"pythagore","status":"publish","type":"page","link":"https:\/\/tonenseignant.com\/index.php\/pythagore\/","title":{"rendered":"Pythagore"},"content":{"rendered":"\n<figure class=\"wp-block-embed is-type-video is-provider-youtube wp-block-embed-youtube wp-embed-aspect-16-9 wp-has-aspect-ratio\"><div class=\"wp-block-embed__wrapper\">\n<iframe loading=\"lazy\" title=\"Th\u00e9or\u00e8mes de Pythagore\" width=\"790\" height=\"444\" src=\"https:\/\/www.youtube.com\/embed\/8g0M7hD3E2M?feature=oembed\" frameborder=\"0\" allow=\"accelerometer; autoplay; clipboard-write; encrypted-media; gyroscope; picture-in-picture; web-share\" allowfullscreen><\/iframe>\n<\/div><\/figure>\n\n\n\n<figure class=\"wp-block-embed is-type-video is-provider-youtube wp-block-embed-youtube wp-embed-aspect-16-9 wp-has-aspect-ratio\"><div class=\"wp-block-embed__wrapper\">\n<iframe loading=\"lazy\" title=\"R\u00e9ciproque Th\u00e9or\u00e8mes de Pythagore\" width=\"790\" height=\"444\" src=\"https:\/\/www.youtube.com\/embed\/CXBeVmE5e44?feature=oembed\" frameborder=\"0\" allow=\"accelerometer; autoplay; clipboard-write; encrypted-media; gyroscope; picture-in-picture; web-share\" allowfullscreen><\/iframe>\n<\/div><\/figure>\n\n\n\n<p><\/p>\n","protected":false},"excerpt":{"rendered":"","protected":false},"author":1,"featured_media":0,"parent":0,"menu_order":0,"comment_status":"closed","ping_status":"closed","template":"","meta":{"footnotes":""},"folder":[],"class_list":["post-1194","page","type-page","status-publish","hentry"],"_links":{"self":[{"href":"https:\/\/tonenseignant.com\/index.php\/wp-json\/wp\/v2\/pages\/1194","targetHints":{"allow":["GET"]}}],"collection":[{"href":"https:\/\/tonenseignant.com\/index.php\/wp-json\/wp\/v2\/pages"}],"about":[{"href":"https:\/\/tonenseignant.com\/index.php\/wp-json\/wp\/v2\/types\/page"}],"author":[{"embeddable":true,"href":"https:\/\/tonenseignant.com\/index.php\/wp-json\/wp\/v2\/users\/1"}],"replies":[{"embeddable":true,"href":"https:\/\/tonenseignant.com\/index.php\/wp-json\/wp\/v2\/comments?post=1194"}],"version-history":[{"count":2,"href":"https:\/\/tonenseignant.com\/index.php\/wp-json\/wp\/v2\/pages\/1194\/revisions"}],"predecessor-version":[{"id":1239,"href":"https:\/\/tonenseignant.com\/index.php\/wp-json\/wp\/v2\/pages\/1194\/revisions\/1239"}],"wp:attachment":[{"href":"https:\/\/tonenseignant.com\/index.php\/wp-json\/wp\/v2\/media?parent=1194"}],"wp:term":[{"taxonomy":"folder","embeddable":true,"href":"https:\/\/tonenseignant.com\/index.php\/wp-json\/wp\/v2\/folder?post=1194"}],"curies":[{"name":"wp","href":"https:\/\/api.w.org\/{rel}","templated":true}]}}